{"id":2,"date":"2015-07-22T13:24:19","date_gmt":"2015-07-22T13:24:19","guid":{"rendered":"http:\/\/ehandelstips.se\/?page_id=2"},"modified":"2025-10-20T19:34:57","modified_gmt":"2025-10-20T19:34:57","slug":"annonsera","status":"publish","type":"page","link":"https:\/\/ehandelstips.se\/index.php\/annonsera\/","title":{"rendered":"Annonsera"},"content":{"rendered":"<p><strong>Informera 13 000 svenska e-handels\u00e4gare och beslutsfattare via v\u00e5rt nyhetsbrev!<\/strong><\/p>\n<p>Vi har skickat brevet under m\u00e5nga \u00e5rs tid och det \u00e4r oerh\u00f6rt uppskattat &#8211; av s\u00e5v\u00e4l l\u00e4sare och inte minst av v\u00e5ra annons\u00f6rer. Vi har sett en rej\u00e4l tillv\u00e4xt under det senaste \u00e5ret, med m\u00e5nga nya prenumeranter.<\/p>\n<p><strong>H\u00e4r kan du n\u00e5 e-handlarna direkt, utan mellanh\u00e4nder. Med en kortare text, l\u00e4nk, bild och ev. ett erbjudande kan du informera om din produkt eller tj\u00e4nst som v\u00e4nder sig till e-handlare.<\/strong><\/p>\n<p>Nyhetsbrevet \u00e4r en effektiv kommunikationskanal f\u00f6r dig som snabbt vill informera \u00f6ver 13 000 webbutiker om din produkt eller tj\u00e4nst.<\/p>\n<p>Butiks\u00e4garna och beslutsfattarna har valt att prenumerera p\u00e5 nyhetsbrevet.<\/p>\n<p><a href=\"https:\/\/gansub.com\/t\/pm\/6007016011843\/\" target=\"_blank\" rel=\"noopener\">H\u00e4r<\/a>\u00a0kan du se ett exempel p\u00e5 hur Nyhetsbrevet kan se ut.<\/p>\n<p><strong>Utgivningsplan 2025:<\/strong><br \/>\n21 januari<br \/>\n20 februari<br \/>\n19 mars<br \/>\n23 april<br \/>\n21 maj<br \/>\n17 juni<br \/>\n10 september<br \/>\n15 oktober<br \/>\n13 november<br \/>\n9 december<\/p>\n<p><strong>Utgivningsplan 2026:<\/strong><br \/>\n21 januari<br \/>\n20 februari<br \/>\n19 mars<br \/>\n23 april<br \/>\n21 maj<br \/>\n17 juni<br \/>\n10 september<br \/>\n15 oktober<br \/>\n13 november<br \/>\n9 december<\/p>\n<p><strong>SPONSRADE ARTIKLAR<\/strong><br \/>\nDet finns \u00e4ven m\u00f6jlighet till <a href=\"https:\/\/ehandelstips.se\/index.php\/annonsera\/sponsrade-artiklar\/\" target=\"_blank\" rel=\"noopener\">sponsrad e-handelsl\u00e4sning<\/a> i webbtidningen.<\/p>\n<p>F\u00f6r mer info och priser maila Christine Bj\u00f6rklund: <a href=\"mailto:christine@ehandelstips.se\">christine@ehandelstips.se<\/a><\/p>\n","protected":false},"excerpt":{"rendered":"<p>Informera 13 000 svenska e-handels\u00e4gare och beslutsfattare via v\u00e5rt nyhetsbrev! Vi har skickat brevet under m\u00e5nga \u00e5rs tid och det \u00e4r oerh\u00f6rt uppskattat &#8211; av s\u00e5v\u00e4l l\u00e4sare och inte minst av v\u00e5ra annons\u00f6rer. Vi har sett en rej\u00e4l tillv\u00e4xt under det senaste \u00e5ret, med m\u00e5nga nya prenumeranter. H\u00e4r kan du n\u00e5 e-handlarna direkt, utan mellanh\u00e4nder. Med en kortare text, l\u00e4nk, bild och ev. ett erbjudande kan du informera om din produkt eller tj\u00e4nst som v\u00e4nder sig till e-handlare. Nyhetsbrevet \u00e4r [&hellip;]<\/p>\n","protected":false},"author":1,"featured_media":0,"parent":0,"menu_order":0,"comment_status":"open","ping_status":"closed","template":"","meta":{"_uf_show_specific_survey":0,"_uf_disable_surveys":false},"_links":{"self":[{"href":"https:\/\/ehandelstips.se\/index.php\/wp-json\/wp\/v2\/pages\/2"}],"collection":[{"href":"https:\/\/ehandelstips.se\/index.php\/wp-json\/wp\/v2\/pages"}],"about":[{"href":"https:\/\/ehandelstips.se\/index.php\/wp-json\/wp\/v2\/types\/page"}],"author":[{"embeddable":true,"href":"https:\/\/ehandelstips.se\/index.php\/wp-json\/wp\/v2\/users\/1"}],"replies":[{"embeddable":true,"href":"https:\/\/ehandelstips.se\/index.php\/wp-json\/wp\/v2\/comments?post=2"}],"version-history":[{"count":67,"href":"https:\/\/ehandelstips.se\/index.php\/wp-json\/wp\/v2\/pages\/2\/revisions"}],"predecessor-version":[{"id":8409,"href":"https:\/\/ehandelstips.se\/index.php\/wp-json\/wp\/v2\/pages\/2\/revisions\/8409"}],"wp:attachment":[{"href":"https:\/\/ehandelstips.se\/index.php\/wp-json\/wp\/v2\/media?parent=2"}],"curies":[{"name":"wp","href":"https:\/\/api.w.org\/{rel}","templated":true}]}}