{"id":3923,"date":"2020-09-23T15:07:37","date_gmt":"2020-09-23T15:07:37","guid":{"rendered":"https:\/\/ehandelstips.se\/?page_id=3923"},"modified":"2024-04-05T09:01:09","modified_gmt":"2024-04-05T09:01:09","slug":"sponsrade-artiklar","status":"publish","type":"page","link":"https:\/\/ehandelstips.se\/index.php\/annonsera\/sponsrade-artiklar\/","title":{"rendered":"Sponsrade artiklar"},"content":{"rendered":"<p>Vill du n\u00e5 ut med information om din produkt eller tj\u00e4nst till Sveriges e-handlare? D\u00e5 rekommenderar vi dig att testa native-annonsering i v\u00e5r webbtidning. Uppl\u00e4gget har blivit en riktig succ\u00e9!<\/p>\n<p><strong>Native-artikel\u00a0p\u00e5 ehandelstips<\/strong><\/p>\n<p><strong>Du f\u00e5r:<\/strong><br \/>\n&#8211; Annonsm\u00e4rkt artikel publicerad p\u00e5 v\u00e5r webbtidning. Du v\u00e4ljer sj\u00e4lv tidpunkt f\u00f6r publicering.<br \/>\n&#8211; Artikeln publiceras p\u00e5 v\u00e5r Facebook-sida.<br \/>\n&#8211; Artikeln publiceras i v\u00e5rt nyhetsbrev, med 13 000 e-handlare som mottagare.<br \/>\n&#8211; Valfritt antal l\u00e4nkar i artikeln.<br \/>\n&#8211; Artikeln ligger kvar p\u00e5 sajten f\u00f6r alltid.<\/p>\n<p><strong><br \/>\n\u00d6nskar du hj\u00e4lp med inneh\u00e5ll?<\/strong><br \/>\nSom tillk\u00f6p kan du f\u00e5 hj\u00e4lp av en v\u00e5ra duktiga journalister att skriva artikeln.<\/p>\n<p><strong>F\u00f6r mer info och priser <\/strong><strong>maila <\/strong><strong>Christine Bj\u00f6rklund:\u00a0<\/strong><a href=\"mailto:christine@ehandelstips.se\">christine@ehandelstips.se<\/a><\/p>\n","protected":false},"excerpt":{"rendered":"<p>Vill du n\u00e5 ut med information om din produkt eller tj\u00e4nst till Sveriges e-handlare? D\u00e5 rekommenderar vi dig att testa native-annonsering i v\u00e5r webbtidning. Uppl\u00e4gget har blivit en riktig succ\u00e9! Native-artikel\u00a0p\u00e5 ehandelstips Du f\u00e5r: &#8211; Annonsm\u00e4rkt artikel publicerad p\u00e5 v\u00e5r webbtidning. Du v\u00e4ljer sj\u00e4lv tidpunkt f\u00f6r publicering. &#8211; Artikeln publiceras p\u00e5 v\u00e5r Facebook-sida. &#8211; Artikeln publiceras i v\u00e5rt nyhetsbrev, med 13 000 e-handlare som mottagare. &#8211; Valfritt antal l\u00e4nkar i artikeln. &#8211; Artikeln ligger kvar p\u00e5 sajten f\u00f6r alltid. \u00d6nskar [&hellip;]<\/p>\n","protected":false},"author":1,"featured_media":0,"parent":2,"menu_order":0,"comment_status":"closed","ping_status":"closed","template":"","meta":{"_uf_show_specific_survey":0,"_uf_disable_surveys":false},"_links":{"self":[{"href":"https:\/\/ehandelstips.se\/index.php\/wp-json\/wp\/v2\/pages\/3923"}],"collection":[{"href":"https:\/\/ehandelstips.se\/index.php\/wp-json\/wp\/v2\/pages"}],"about":[{"href":"https:\/\/ehandelstips.se\/index.php\/wp-json\/wp\/v2\/types\/page"}],"author":[{"embeddable":true,"href":"https:\/\/ehandelstips.se\/index.php\/wp-json\/wp\/v2\/users\/1"}],"replies":[{"embeddable":true,"href":"https:\/\/ehandelstips.se\/index.php\/wp-json\/wp\/v2\/comments?post=3923"}],"version-history":[{"count":9,"href":"https:\/\/ehandelstips.se\/index.php\/wp-json\/wp\/v2\/pages\/3923\/revisions"}],"predecessor-version":[{"id":6721,"href":"https:\/\/ehandelstips.se\/index.php\/wp-json\/wp\/v2\/pages\/3923\/revisions\/6721"}],"up":[{"embeddable":true,"href":"https:\/\/ehandelstips.se\/index.php\/wp-json\/wp\/v2\/pages\/2"}],"wp:attachment":[{"href":"https:\/\/ehandelstips.se\/index.php\/wp-json\/wp\/v2\/media?parent=3923"}],"curies":[{"name":"wp","href":"https:\/\/api.w.org\/{rel}","templated":true}]}}