{"id":6732,"date":"2024-04-08T19:40:47","date_gmt":"2024-04-08T19:40:47","guid":{"rendered":"https:\/\/ehandelstips.se\/?page_id=6732"},"modified":"2024-04-11T19:11:50","modified_gmt":"2024-04-11T19:11:50","slug":"displayannonsering","status":"publish","type":"page","link":"https:\/\/ehandelstips.se\/index.php\/displayannonsering\/","title":{"rendered":"Displayannonsering"},"content":{"rendered":"\n<p><strong>Boka en annonsplats p\u00e5 webbtidningen <a href=\"http:\/\/www.ehandelstips.se\">ehandelstips.se<\/a> !<\/strong><\/p>\n\n\n\n<p><strong>UNIK M\u00c5LGRUPP! <\/strong>ehandelstips.se&nbsp;\u00e4r Sveriges st\u00f6rsta webbtidning med djupg\u00e5ende artiklar f\u00f6r beslutsfattande yrkespersoner inom e-handel. Tidningen har en stadig tillv\u00e4xt med allt fler l\u00e4sare.<\/p>\n\n\n<div class=\"wp-block-image\">\n<figure class=\"alignleft size-full is-resized\"><a href=\"https:\/\/ehandelstips.se\/wp-content\/uploads\/2024\/04\/christine.png\"><img decoding=\"async\" src=\"https:\/\/ehandelstips.se\/wp-content\/uploads\/2024\/04\/christine.png\" alt=\"\" class=\"wp-image-6791\" width=\"145\" height=\"140\" srcset=\"https:\/\/ehandelstips.se\/wp-content\/uploads\/2024\/04\/christine.png 447w, https:\/\/ehandelstips.se\/wp-content\/uploads\/2024\/04\/christine-300x290.png 300w\" sizes=\"(max-width: 145px) 100vw, 145px\" \/><\/a><\/figure><\/div>\n\n\n<p><br><strong>Fr\u00e5gor eller bokning:<\/strong><br>Maila <a href=\"mailto:christine@ehandelstips.se\"><strong>christine@ehandelstips.se<\/strong><\/a><\/p>\n\n\n\n<p><\/p>\n\n\n\n<p><br><br><br><br><\/p>\n\n\n\n<p><\/p>\n\n\n\n<div class=\"is-layout-flex wp-container-2 wp-block-columns\">\n<div class=\"is-layout-flow wp-block-column\">\n<div class=\"wp-block-media-text alignwide is-stacked-on-mobile is-vertically-aligned-top\" style=\"grid-template-columns:36% auto\"><figure class=\"wp-block-media-text__media\"><img decoding=\"async\" width=\"769\" height=\"812\" src=\"https:\/\/ehandelstips.se\/wp-content\/uploads\/2024\/04\/annons_startsidan_bokad.png\" alt=\"\" class=\"wp-image-6819 size-full\" srcset=\"https:\/\/ehandelstips.se\/wp-content\/uploads\/2024\/04\/annons_startsidan_bokad.png 769w, https:\/\/ehandelstips.se\/wp-content\/uploads\/2024\/04\/annons_startsidan_bokad-284x300.png 284w\" sizes=\"(max-width: 769px) 100vw, 769px\" \/><\/figure><div class=\"wp-block-media-text__content\">\n<p class=\"has-medium-font-size\"><strong>Startsidan (endast 1 plats)<\/strong><\/p>\n\n\n\n<ul>\n<li>Grymt bra plats och enorm exponering f\u00f6r Sveriges e-handlare<\/li>\n\n\n\n<li>Storlek: 1130&#215;250 px<\/li>\n<\/ul>\n\n\n\n<p><\/p>\n\n\n\n<p><\/p>\n\n\n\n<p><\/p>\n<\/div><\/div>\n\n\n\n<div style=\"height:100px\" aria-hidden=\"true\" class=\"wp-block-spacer\"><\/div>\n\n\n\n<div class=\"wp-block-media-text alignwide is-stacked-on-mobile is-vertically-aligned-top\" style=\"grid-template-columns:40% auto\"><figure class=\"wp-block-media-text__media\"><img decoding=\"async\" width=\"500\" height=\"371\" src=\"https:\/\/ehandelstips.se\/wp-content\/uploads\/2024\/04\/annons_artiklar_till_hoger.png\" alt=\"\" class=\"wp-image-6764 size-full\" srcset=\"https:\/\/ehandelstips.se\/wp-content\/uploads\/2024\/04\/annons_artiklar_till_hoger.png 500w, https:\/\/ehandelstips.se\/wp-content\/uploads\/2024\/04\/annons_artiklar_till_hoger-300x223.png 300w\" sizes=\"(max-width: 500px) 100vw, 500px\" \/><\/figure><div class=\"wp-block-media-text__content\">\n<p class=\"has-medium-font-size\"><strong>Artikel &#8211; till h\u00f6ger (endast 1 plats)<\/strong><\/p>\n\n\n\n<ul>\n<li>Enormt h\u00f6g r\u00e4ckvidd och synlighet.<\/li>\n\n\n\n<li>Annonsen syns p\u00e5 \u00f6ver 500 e-handelsartiklar.<\/li>\n\n\n\n<li>Storlek: 370&#215;340 px<\/li>\n\n\n\n<li><strong>PRIS:<\/strong> <strong>32 000 kr<\/strong> x moms&nbsp; i 12 m\u00e5nader<\/li>\n<\/ul>\n\n\n\n<p><\/p>\n\n\n\n<p><\/p>\n\n\n\n<p><\/p>\n<\/div><\/div>\n\n\n\n<div style=\"height:100px\" aria-hidden=\"true\" class=\"wp-block-spacer\"><\/div>\n\n\n\n<div class=\"wp-block-media-text alignwide is-stacked-on-mobile is-vertically-aligned-top\" style=\"grid-template-columns:40% auto\"><figure class=\"wp-block-media-text__media\"><img decoding=\"async\" width=\"500\" height=\"681\" src=\"https:\/\/ehandelstips.se\/wp-content\/uploads\/2024\/04\/annons_artiklar-1.png\" alt=\"\" class=\"wp-image-6783 size-full\" srcset=\"https:\/\/ehandelstips.se\/wp-content\/uploads\/2024\/04\/annons_artiklar-1.png 500w, https:\/\/ehandelstips.se\/wp-content\/uploads\/2024\/04\/annons_artiklar-1-220x300.png 220w, https:\/\/ehandelstips.se\/wp-content\/uploads\/2024\/04\/annons_artiklar-1-360x490.png 360w\" sizes=\"(max-width: 500px) 100vw, 500px\" \/><\/figure><div class=\"wp-block-media-text__content\">\n<p class=\"has-medium-font-size\"><strong>Artikel (endast 1 plats)<\/strong><\/p>\n\n\n\n<ul>\n<li>Enomt h\u00f6g r\u00e4ckvidd och synlighet.<\/li>\n\n\n\n<li>Annonsen syns p\u00e5 \u00f6ver 500 e-handelsartiklar.<\/li>\n\n\n\n<li>Storlek: 930x300px.<\/li>\n\n\n\n<li><strong>PRIS:<\/strong> <strong>32 000 kr<\/strong> x moms&nbsp; i 12 m\u00e5nader<\/li>\n<\/ul>\n\n\n\n<p><\/p>\n\n\n\n<p><\/p>\n\n\n\n<p><\/p>\n\n\n\n<p><\/p>\n\n\n\n<p><\/p>\n\n\n\n<p><\/p>\n<\/div><\/div>\n\n\n\n<div style=\"height:100px\" aria-hidden=\"true\" class=\"wp-block-spacer\"><\/div>\n\n\n\n<div class=\"wp-block-media-text alignwide is-stacked-on-mobile is-vertically-aligned-top\" style=\"grid-template-columns:42% auto\"><figure class=\"wp-block-media-text__media\"><img decoding=\"async\" width=\"500\" height=\"405\" src=\"https:\/\/ehandelstips.se\/wp-content\/uploads\/2024\/04\/annons_kategori.png\" alt=\"\" class=\"wp-image-6754 size-full\" srcset=\"https:\/\/ehandelstips.se\/wp-content\/uploads\/2024\/04\/annons_kategori.png 500w, https:\/\/ehandelstips.se\/wp-content\/uploads\/2024\/04\/annons_kategori-300x243.png 300w\" sizes=\"(max-width: 500px) 100vw, 500px\" \/><\/figure><div class=\"wp-block-media-text__content\">\n<p class=\"has-medium-font-size\"><strong><strong>10 valfria kategorier<\/strong><\/strong><\/p>\n\n\n\n<ul>\n<li>Grymt bra plats och enorm exponering f\u00f6r Sveriges e-handlare.<\/li>\n\n\n\n<li>Storlek: 930x300px<\/li>\n\n\n\n<li><strong>PRIS:<\/strong> <strong>35 000 kr<\/strong> x moms&nbsp; i 12 m\u00e5nader<\/li>\n<\/ul>\n\n\n\n<p><\/p>\n\n\n\n<p><\/p>\n\n\n\n<p><\/p>\n<\/div><\/div>\n<\/div>\n<\/div>\n","protected":false},"excerpt":{"rendered":"<p>Boka en annonsplats p\u00e5 webbtidningen ehandelstips.se ! UNIK M\u00c5LGRUPP! ehandelstips.se&nbsp;\u00e4r Sveriges st\u00f6rsta webbtidning med djupg\u00e5ende artiklar f\u00f6r beslutsfattande yrkespersoner inom e-handel. Tidningen har en stadig tillv\u00e4xt med allt fler l\u00e4sare. Fr\u00e5gor eller bokning:Maila christine@ehandelstips.se Startsidan (endast 1 plats) Artikel &#8211; till h\u00f6ger (endast 1 plats) Artikel (endast 1 plats) 10 valfria kategorier<\/p>\n","protected":false},"author":1,"featured_media":6756,"parent":0,"menu_order":0,"comment_status":"closed","ping_status":"closed","template":"","meta":{"_uf_show_specific_survey":0,"_uf_disable_surveys":false},"_links":{"self":[{"href":"https:\/\/ehandelstips.se\/index.php\/wp-json\/wp\/v2\/pages\/6732"}],"collection":[{"href":"https:\/\/ehandelstips.se\/index.php\/wp-json\/wp\/v2\/pages"}],"about":[{"href":"https:\/\/ehandelstips.se\/index.php\/wp-json\/wp\/v2\/types\/page"}],"author":[{"embeddable":true,"href":"https:\/\/ehandelstips.se\/index.php\/wp-json\/wp\/v2\/users\/1"}],"replies":[{"embeddable":true,"href":"https:\/\/ehandelstips.se\/index.php\/wp-json\/wp\/v2\/comments?post=6732"}],"version-history":[{"count":32,"href":"https:\/\/ehandelstips.se\/index.php\/wp-json\/wp\/v2\/pages\/6732\/revisions"}],"predecessor-version":[{"id":6820,"href":"https:\/\/ehandelstips.se\/index.php\/wp-json\/wp\/v2\/pages\/6732\/revisions\/6820"}],"wp:featuredmedia":[{"embeddable":true,"href":"https:\/\/ehandelstips.se\/index.php\/wp-json\/wp\/v2\/media\/6756"}],"wp:attachment":[{"href":"https:\/\/ehandelstips.se\/index.php\/wp-json\/wp\/v2\/media?parent=6732"}],"curies":[{"name":"wp","href":"https:\/\/api.w.org\/{rel}","templated":true}]}}