{"id":900,"date":"2016-03-20T21:15:56","date_gmt":"2016-03-20T21:15:56","guid":{"rendered":"http:\/\/ehandelstips.se\/?page_id=900"},"modified":"2023-04-18T05:25:45","modified_gmt":"2023-04-18T05:25:45","slug":"skriv-at-oss","status":"publish","type":"page","link":"https:\/\/ehandelstips.se\/index.php\/skriv-at-oss\/","title":{"rendered":"Skriv \u00e5t oss"},"content":{"rendered":"<p><strong>ehandelstips.se \u00e4r en webbtidning med artiklar f\u00f6r dig som arbetar inom e-handel.<\/strong><br \/>\n<strong>Vi \u00e4r st\u00e4ndigt p\u00e5 jakt efter duktiga skribenter inom detta omr\u00e5de.<\/strong><\/p>\n<p>ehandelstips.se drivs ideellt av eldsj\u00e4lar inom e-handel och de annonsint\u00e4kter som kommer in l\u00e4ggs p\u00e5 att marknadsf\u00f6ra sajten.<\/p>\n<p><strong>V\u00e5r vision<\/strong><br \/>\nEhandelstips.se ska vara f\u00f6rstahandsvalet f\u00f6r personer\/f\u00f6retag som vill n\u00e5 ut med intressanta artiklar till e-handelsbranschen.<\/p>\n<p><strong>F\u00f6rdelar med att publicera dina artiklar h\u00e4r<br \/>\n<\/strong>&#8211; Du n\u00e5r en stor m\u00e4ngd l\u00e4sare<br \/>\n&#8211; Du&nbsp;kan indirekt marknadsf\u00f6ra ert f\u00f6retags tj\u00e4nster och produkter (inom rimliga gr\u00e4nser)<br \/>\n&#8211; Vi till\u00e5ter inl\u00e4nkar till dina webbsidor<br \/>\n&#8211;&nbsp;Alla artiklar publiceras \u00e4ven i v\u00e5rt nyhetsbrev som skickas till 13.000 webbutiks\u00e4gare<\/p>\n<p><strong>De \u00f6nskem\u00e5l vi har ang\u00e5ende artiklar \u00e4r<\/strong><em><strong><br \/>\n<\/strong><\/em>&#8211; Artiklarna ska vara riktade mot e-handlare och tillf\u00f6ra nytta f\u00f6r dem<br \/>\n&#8211; Du&nbsp;har inga krav p\u00e5 att &nbsp;publicera ett visst antal artiklar<br \/>\n&#8211; Vi uppskattar om artikeln \u00e4r en unik f\u00f6r ehandelstips.se eller en modifierad version av en befintlig artikel<\/p>\n<p>Vill du publicera artiklar&nbsp;p\u00e5 ehandelstips.se maila&nbsp;<a href=\"mailto:hej@ehandelstips.se\">hej@ehandelstips.se<\/a><\/p>\n<p>&nbsp;<\/p>\n","protected":false},"excerpt":{"rendered":"<p>ehandelstips.se \u00e4r en webbtidning med artiklar f\u00f6r dig som arbetar inom e-handel. Vi \u00e4r st\u00e4ndigt p\u00e5 jakt efter duktiga skribenter inom detta omr\u00e5de. ehandelstips.se drivs ideellt av eldsj\u00e4lar inom e-handel och de annonsint\u00e4kter som kommer in l\u00e4ggs p\u00e5 att marknadsf\u00f6ra sajten. V\u00e5r vision Ehandelstips.se ska vara f\u00f6rstahandsvalet f\u00f6r personer\/f\u00f6retag som vill n\u00e5 ut med intressanta artiklar till e-handelsbranschen. F\u00f6rdelar med att publicera dina artiklar h\u00e4r &#8211; Du n\u00e5r en stor m\u00e4ngd l\u00e4sare &#8211; Du&nbsp;kan indirekt marknadsf\u00f6ra ert f\u00f6retags tj\u00e4nster och [&hellip;]<\/p>\n","protected":false},"author":1,"featured_media":0,"parent":0,"menu_order":0,"comment_status":"closed","ping_status":"closed","template":"page-meet-the-team.php","meta":{"_uf_show_specific_survey":0,"_uf_disable_surveys":false},"_links":{"self":[{"href":"https:\/\/ehandelstips.se\/index.php\/wp-json\/wp\/v2\/pages\/900"}],"collection":[{"href":"https:\/\/ehandelstips.se\/index.php\/wp-json\/wp\/v2\/pages"}],"about":[{"href":"https:\/\/ehandelstips.se\/index.php\/wp-json\/wp\/v2\/types\/page"}],"author":[{"embeddable":true,"href":"https:\/\/ehandelstips.se\/index.php\/wp-json\/wp\/v2\/users\/1"}],"replies":[{"embeddable":true,"href":"https:\/\/ehandelstips.se\/index.php\/wp-json\/wp\/v2\/comments?post=900"}],"version-history":[{"count":19,"href":"https:\/\/ehandelstips.se\/index.php\/wp-json\/wp\/v2\/pages\/900\/revisions"}],"predecessor-version":[{"id":5764,"href":"https:\/\/ehandelstips.se\/index.php\/wp-json\/wp\/v2\/pages\/900\/revisions\/5764"}],"wp:attachment":[{"href":"https:\/\/ehandelstips.se\/index.php\/wp-json\/wp\/v2\/media?parent=900"}],"curies":[{"name":"wp","href":"https:\/\/api.w.org\/{rel}","templated":true}]}}